{"id":2,"date":"2011-12-28T11:59:57","date_gmt":"2011-12-28T10:59:57","guid":{"rendered":"http:\/\/sponeta.mediendienst.biz\/?page_id=2"},"modified":"2020-08-30T16:33:46","modified_gmt":"2020-08-30T15:33:46","slug":"beispiel-seite","status":"publish","type":"page","link":"https:\/\/ttzsponeta.de\/?page_id=2","title":{"rendered":"Mannschaften"},"content":{"rendered":"<p>In der gro\u00dfen Leistungsspanne seiner Mannschaften spiegelt sich das Ziel des Vereins wider, insbesondere auch den Leistungssport in der th\u00fcringischen Landeshauptstadt voranzubringen. Ebenfalls geh\u00f6rt die F\u00f6rderung des Nachwuchses zu den wichtigen Anliegen des TTZ: so k\u00fcmmert sich ein eigener Trainerstab um die jungen Sportler im Verein. Aktuell nehmen etwa 50 Kinder und Jugendliche ab dem Grundschulalter regelm\u00e4\u00dfig am Training teil.<\/p>\n<p>Neben den aktiven Wettkampfsportlern gibt es eine Vielzahl von Freizeitspielern im Verein. Bei Interesse besucht uns doch zu einem Schnuppertraining in der Curiestra\u00dfe 29! Dazu ist besonders das Training der Freizeitsportler am Mittwochabend geeignet: hier steht die Freude am gemeinsamen Spiel und an der Bewegung im Vordergrund.<\/p>\n","protected":false},"excerpt":{"rendered":"<p>In der gro\u00dfen Leistungsspanne seiner Mannschaften spiegelt sich das Ziel des Vereins wider, insbesondere auch den Leistungssport in der th\u00fcringischen Landeshauptstadt voranzubringen. Ebenfalls geh\u00f6rt die F\u00f6rderung des Nachwuchses zu den wichtigen Anliegen des TTZ: so k\u00fcmmert sich ein eigener Trainerstab um die jungen Sportler im Verein. Aktuell nehmen etwa 50 Kinder und Jugendliche ab dem [&hellip;]<\/p>\n","protected":false},"author":1,"featured_media":0,"parent":0,"menu_order":0,"comment_status":"closed","ping_status":"closed","template":"","meta":{"ngg_post_thumbnail":0,"footnotes":""},"class_list":["post-2","page","type-page","status-publish","hentry","item"],"_links":{"self":[{"href":"https:\/\/ttzsponeta.de\/index.php?rest_route=\/wp\/v2\/pages\/2","targetHints":{"allow":["GET"]}}],"collection":[{"href":"https:\/\/ttzsponeta.de\/index.php?rest_route=\/wp\/v2\/pages"}],"about":[{"href":"https:\/\/ttzsponeta.de\/index.php?rest_route=\/wp\/v2\/types\/page"}],"author":[{"embeddable":true,"href":"https:\/\/ttzsponeta.de\/index.php?rest_route=\/wp\/v2\/users\/1"}],"replies":[{"embeddable":true,"href":"https:\/\/ttzsponeta.de\/index.php?rest_route=%2Fwp%2Fv2%2Fcomments&post=2"}],"version-history":[{"count":3,"href":"https:\/\/ttzsponeta.de\/index.php?rest_route=\/wp\/v2\/pages\/2\/revisions"}],"predecessor-version":[{"id":4994,"href":"https:\/\/ttzsponeta.de\/index.php?rest_route=\/wp\/v2\/pages\/2\/revisions\/4994"}],"wp:attachment":[{"href":"https:\/\/ttzsponeta.de\/index.php?rest_route=%2Fwp%2Fv2%2Fmedia&parent=2"}],"curies":[{"name":"wp","href":"https:\/\/api.w.org\/{rel}","templated":true}]}}